{"id":2082,"date":"2020-12-11T19:03:48","date_gmt":"2020-12-11T18:03:48","guid":{"rendered":"https:\/\/www.labeautediris.com\/?page_id=2082"},"modified":"2020-12-11T19:13:17","modified_gmt":"2020-12-11T18:13:17","slug":"mentions-legales","status":"publish","type":"page","link":"https:\/\/www.labeautediris.com\/index.php\/mentions-legales\/","title":{"rendered":"Mentions l\u00e9gales"},"content":{"rendered":"<p>Nom de la soci\u00e9t\u00e9 : la beaut\u00e9 d&rsquo;Iris<br \/>\nNum\u00e9ro de RCS : 441 962 586<br \/>\nNom du responsable : Mme Caselli Fanny<\/p>\n<p>Adresse de la soci\u00e9t\u00e9 : 1029 AVENUE 7EME REGIMENT TIRAILLEURS 13190 ALLAUCH<br \/>\nAdresse du si\u00e8ge social de la soci\u00e9t\u00e9 : 1029 AVENUE 7EME REGIMENT TIRAILLEURS 13190 ALLAUCH<\/p>\n<p>EDITEUR DU PUBLICATION : La Beaut\u00e9 d&rsquo;Iris<br \/>\nDIRECTEUR DE LA PUBLICATION : La Beaut\u00e9 d&rsquo;Iris<br \/>\nRESPONSABLE DE LA REDACTION : La Beaut\u00e9 d&rsquo;Iris<br \/>\nWEBMASTER :\u00a0 Dana13.fr<\/p>\n","protected":false},"excerpt":{"rendered":"<p>Nom de la soci\u00e9t\u00e9 : la beaut\u00e9 d&rsquo;Iris Num\u00e9ro de RCS : 441 962 586 Nom du responsable : Mme Caselli Fanny Adresse de la soci\u00e9t\u00e9 : 1029 AVENUE 7EME REGIMENT TIRAILLEURS 13190 ALLAUCH Adresse du si\u00e8ge social de la soci\u00e9t\u00e9 : 1029 AVENUE 7EME REGIMENT TIRAILLEURS 13190 ALLAUCH EDITEUR DU PUBLICATION : La Beaut\u00e9 [&hellip;]<\/p>\n","protected":false},"author":4,"featured_media":0,"parent":0,"menu_order":2,"comment_status":"closed","ping_status":"closed","template":"","meta":{"_seopress_robots_primary_cat":"","_seopress_titles_title":"","_seopress_titles_desc":"","_seopress_robots_index":"","footnotes":""},"class_list":["post-2082","page","type-page","status-publish","hentry"],"_links":{"self":[{"href":"https:\/\/www.labeautediris.com\/index.php\/wp-json\/wp\/v2\/pages\/2082","targetHints":{"allow":["GET"]}}],"collection":[{"href":"https:\/\/www.labeautediris.com\/index.php\/wp-json\/wp\/v2\/pages"}],"about":[{"href":"https:\/\/www.labeautediris.com\/index.php\/wp-json\/wp\/v2\/types\/page"}],"author":[{"embeddable":true,"href":"https:\/\/www.labeautediris.com\/index.php\/wp-json\/wp\/v2\/users\/4"}],"replies":[{"embeddable":true,"href":"https:\/\/www.labeautediris.com\/index.php\/wp-json\/wp\/v2\/comments?post=2082"}],"version-history":[{"count":0,"href":"https:\/\/www.labeautediris.com\/index.php\/wp-json\/wp\/v2\/pages\/2082\/revisions"}],"wp:attachment":[{"href":"https:\/\/www.labeautediris.com\/index.php\/wp-json\/wp\/v2\/media?parent=2082"}],"curies":[{"name":"wp","href":"https:\/\/api.w.org\/{rel}","templated":true}]}}